{"id":20318,"date":"2025-05-23T12:04:20","date_gmt":"2025-05-23T17:04:20","guid":{"rendered":"https:\/\/desire-cruises.com\/crucero-anterior-desire-barcelona-rome-cruise-mayo-2025\/"},"modified":"2025-06-04T14:46:14","modified_gmt":"2025-06-04T19:46:14","slug":"crucero-anterior-desire-barcelona-rome-cruise-mayo-2025","status":"publish","type":"page","link":"https:\/\/desire-cruises.com\/es\/crucero-anterior-desire-barcelona-rome-cruise-mayo-2025\/","title":{"rendered":"Crucero anterior: DESIRE BARCELONA \u2013 ROME CRUISE MAYO 2025"},"content":{"rendered":"\t\t<div data-elementor-type=\"wp-page\" data-elementor-id=\"20318\" class=\"elementor elementor-20318 elementor-20306\" data-elementor-settings=\"{&quot;ha_cmc_init_switcher&quot;:&quot;no&quot;}\" data-elementor-post-type=\"page\">\n\t\t\t\t<div class=\"elementor-element elementor-element-280bfe3d e-con-full elementor-hidden-desktop elementor-hidden-tablet elementor-hidden-mobile e-flex e-con e-parent\" data-id=\"280bfe3d\" data-element_type=\"container\" data-e-type=\"container\" data-settings=\"{&quot;background_background&quot;:&quot;classic&quot;,&quot;_ha_eqh_enable&quot;:false}\">\n\t\t\t\t<\/div>\n\t\t<div class=\"elementor-element elementor-element-53db8efb e-flex e-con-boxed e-con e-parent\" data-id=\"53db8efb\" data-element_type=\"container\" data-e-type=\"container\" data-settings=\"{&quot;_ha_eqh_enable&quot;:false}\">\n\t\t\t\t\t<div class=\"e-con-inner\">\n\t\t<div class=\"elementor-element elementor-element-7df5d26c e-con-full e-flex e-con e-child\" data-id=\"7df5d26c\" data-element_type=\"container\" data-e-type=\"container\" data-settings=\"{&quot;_ha_eqh_enable&quot;:false}\">\n\t\t<div class=\"elementor-element elementor-element-5a2f0580 e-con-full e-flex e-con e-child\" data-id=\"5a2f0580\" data-element_type=\"container\" data-e-type=\"container\" data-settings=\"{&quot;_ha_eqh_enable&quot;:false}\">\n\t\t\t\t<div class=\"elementor-element elementor-element-6793064 elementor-widget elementor-widget-image\" data-id=\"6793064\" data-element_type=\"widget\" data-e-type=\"widget\" data-widget_type=\"image.default\">\n\t\t\t\t<div class=\"elementor-widget-container\">\n\t\t\t\t\t\t\t\t\t\t\t\t\t\t\t<img decoding=\"async\" width=\"90\" height=\"90\" src=\"https:\/\/desire-cruises.com\/wp-content\/uploads\/2024\/11\/DARC2025-ICONO-CASTILLO.webp\" class=\"attachment-large size-large wp-image-5630\" alt=\"\" title=\"\">\t\t\t\t\t\t\t\t\t\t\t\t\t\t\t<\/div>\n\t\t\t\t<\/div>\n\t\t\t\t<\/div>\n\t\t\t\t<\/div>\n\t\t\t\t<div class=\"elementor-element elementor-element-353cd1f4 elementor-widget elementor-widget-heading\" data-id=\"353cd1f4\" data-element_type=\"widget\" data-e-type=\"widget\" data-widget_type=\"heading.default\">\n\t\t\t\t<div class=\"elementor-widget-container\">\n\t\t\t\t\t<h1 class=\"elementor-heading-title elementor-size-default\">Crucero anterior: Desire Rome - Barcelona Cruise<\/h1>\t\t\t\t<\/div>\n\t\t\t\t<\/div>\n\t\t\t\t\t<\/div>\n\t\t\t\t<\/div>\n\t\t<div class=\"elementor-element elementor-element-269da49c e-con-full e-flex e-con e-parent\" data-id=\"269da49c\" data-element_type=\"container\" data-e-type=\"container\" data-settings=\"{&quot;_ha_eqh_enable&quot;:false}\">\n\t\t<div class=\"elementor-element elementor-element-2d549ad7 e-con-full e-flex e-con e-child\" data-id=\"2d549ad7\" data-element_type=\"container\" data-e-type=\"container\" data-settings=\"{&quot;_ha_eqh_enable&quot;:false}\">\n\t\t\t\t<div class=\"elementor-element elementor-element-2308d8d elementor-widget elementor-widget-text-editor\" data-id=\"2308d8d\" data-element_type=\"widget\" data-e-type=\"widget\" data-widget_type=\"text-editor.default\">\n\t\t\t\t<div class=\"elementor-widget-container\">\n\t\t\t\t\t\t\t\t\t<center>MAYO 13 &#8211; 20, 2025<\/center>\n<center><strong>CIVITAVECCHIA (ROME) | N\u00c1POLES | TAORMINA | LA VALETA (MALTA) | PALMA DE MALLORCA | VALENCIA | BARCELONA<\/strong><\/center>\t\t\t\t\t\t\t\t<\/div>\n\t\t\t\t<\/div>\n\t\t\t\t<\/div>\n\t\t\t\t<\/div>\n\t\t<div class=\"elementor-element elementor-element-78a13cd3 elementor-hidden-mobile e-flex e-con-boxed e-con e-parent\" data-id=\"78a13cd3\" data-element_type=\"container\" data-e-type=\"container\" data-settings=\"{&quot;_ha_eqh_enable&quot;:false}\">\n\t\t\t\t\t<div class=\"e-con-inner\">\n\t\t<div class=\"elementor-element elementor-element-e8814b5 e-con-full e-flex e-con e-child\" data-id=\"e8814b5\" data-element_type=\"container\" data-e-type=\"container\" data-settings=\"{&quot;_ha_eqh_enable&quot;:false}\">\n\t\t\t\t<div class=\"elementor-element elementor-element-1b171b7f elementor-widget elementor-widget-html\" data-id=\"1b171b7f\" data-element_type=\"widget\" data-e-type=\"widget\" data-widget_type=\"html.default\">\n\t\t\t\t<div class=\"elementor-widget-container\">\n\t\t\t\t\t<div style=\"position:relative; padding-bottom:177.77%; height:0; overflow:hidden; max-width:100%;\">\n<iframe src=\"https:\/\/player.vimeo.com\/video\/1088877060\" \n          style=\"position:absolute; top:0; left:0; width:100%; height:100%;\" \n          frameborder=\"0\" \n          allow=\"autoplay; fullscreen; picture-in-picture\" \n          allowfullscreen>\n<\/iframe>\n<\/div>\t\t\t\t<\/div>\n\t\t\t\t<\/div>\n\t\t\t\t<\/div>\n\t\t<div class=\"elementor-element elementor-element-602075c9 e-con-full e-flex e-con e-child\" data-id=\"602075c9\" data-element_type=\"container\" data-e-type=\"container\" data-settings=\"{&quot;_ha_eqh_enable&quot;:false}\">\n\t\t\t\t<div class=\"elementor-element elementor-element-44cb4f44 elementor-widget elementor-widget-heading\" data-id=\"44cb4f44\" data-element_type=\"widget\" data-e-type=\"widget\" data-widget_type=\"heading.default\">\n\t\t\t\t<div class=\"elementor-widget-container\">\n\t\t\t\t\t<p class=\"elementor-heading-title elementor-size-default\"><p style=\"text-align: justify\">Majestuosa e inmortal, <strong> Roma<\/strong> fue el escenario perfecto para dar inicio a nuestro 12\u00ba crucero. Aunque antes hab\u00edamos culminado traves\u00edas en esta emblem\u00e1tica ciudad, esta fue la primera vez que zarpamos desde ella\u2026 y la experiencia fue simplemente inolvidable.<\/p>\n<p style=\"text-align: justify\">Con un itinerario que explor\u00f3 nuevos y espectaculares puertos, cada destino fue el tel\u00f3n de fondo para vivir siete d\u00edas marcados por la<strong> sensualidad, la libertad<\/strong> y esa chispa inconfundible que solo surge cuando se unen nuestros pasajeros, el esp\u00edritu Desire y una tripulaci\u00f3n excepcional.<\/p>\n<p style=\"text-align: justify\">Un barco con ocupaci\u00f3n total, un renovado line up de entretenimiento, y el tan esperado regreso de nuestra noche insignia, fueron solo algunos de los elementos que hicieron de este crucero un verdadero homenaje a quienes nos acompa\u00f1an con pasi\u00f3n y lealtad.<\/p>\n<p style=\"text-align: justify\">Hoy solo nos queda agradecer profundamente a quienes formaron parte de esta traves\u00eda. Ustedes <strong> son el alma de Desire Cruises<\/strong>, y la raz\u00f3n por la que cada edici\u00f3n se convierte en una historia que vale la pena contar.<\/p>\nLa aventura contin\u00faa.\nNos vemos en <strong> Atenas en septiembre<\/strong>.\n<strong> La historia de Deseo sigue escribi\u00e9ndose\u2026 contigo.<\/strong>.\n<strong> \u00a1It\u2019s me\u2026 Mario!<\/strong>\n\n\n\n\n\n<\/p>\t\t\t\t<\/div>\n\t\t\t\t<\/div>\n\t\t\t\t<\/div>\n\t\t\t\t\t<\/div>\n\t\t\t\t<\/div>\n\t\t<div class=\"elementor-element elementor-element-17bd49b e-grid elementor-hidden-desktop elementor-hidden-tablet e-con-boxed e-con e-parent\" data-id=\"17bd49b\" data-element_type=\"container\" data-e-type=\"container\" data-settings=\"{&quot;_ha_eqh_enable&quot;:false}\">\n\t\t\t\t\t<div class=\"e-con-inner\">\n\t\t\t\t<div class=\"elementor-element elementor-element-a139c84 elementor-widget elementor-widget-heading\" data-id=\"a139c84\" data-element_type=\"widget\" data-e-type=\"widget\" data-widget_type=\"heading.default\">\n\t\t\t\t<div class=\"elementor-widget-container\">\n\t\t\t\t\t<p class=\"elementor-heading-title elementor-size-default\"><p style=\"text-align: justify\">Majestuosa e inmortal, <strong> Roma<\/strong> fue el escenario perfecto para dar inicio a nuestro 12\u00ba crucero. Aunque antes hab\u00edamos culminado traves\u00edas en esta emblem\u00e1tica ciudad, esta fue la primera vez que zarpamos desde ella\u2026 y la experiencia fue simplemente inolvidable.<\/p>\n<p style=\"text-align: justify\">Con un itinerario que explor\u00f3 nuevos y espectaculares puertos, cada destino fue el tel\u00f3n de fondo para vivir siete d\u00edas marcados por la<strong> sensualidad, la libertad<\/strong> y esa chispa inconfundible que solo surge cuando se unen nuestros pasajeros, el esp\u00edritu Desire y una tripulaci\u00f3n excepcional.<\/p>\n<p style=\"text-align: justify\">Un barco con ocupaci\u00f3n total, un renovado line up de entretenimiento, y el tan esperado regreso de nuestra noche insignia, fueron solo algunos de los elementos que hicieron de este crucero un verdadero homenaje a quienes nos acompa\u00f1an con pasi\u00f3n y lealtad.<\/p>\n<p style=\"text-align: justify\">Hoy solo nos queda agradecer profundamente a quienes formaron parte de esta traves\u00eda. Ustedes <strong> son el alma de Desire Cruises<\/strong>, y la raz\u00f3n por la que cada edici\u00f3n se convierte en una historia que vale la pena contar.<\/p>\nLa aventura contin\u00faa.\nNos vemos en <strong> Atenas en septiembre<\/strong>.\n<strong> La historia de Deseo sigue escribi\u00e9ndose\u2026 contigo.<\/strong>.\n<strong> \u00a1It\u2019s me\u2026 Mario!<\/strong>\n\n\n\n\n\n<\/p>\t\t\t\t<\/div>\n\t\t\t\t<\/div>\n\t\t\t\t<div class=\"elementor-element elementor-element-ca30c98 elementor-widget elementor-widget-html\" data-id=\"ca30c98\" data-element_type=\"widget\" data-e-type=\"widget\" data-widget_type=\"html.default\">\n\t\t\t\t<div class=\"elementor-widget-container\">\n\t\t\t\t\t<div style=\"position:relative; padding-bottom:177.77%; height:0; overflow:hidden; max-width:100%;\">\n<iframe src=\"https:\/\/player.vimeo.com\/video\/1088877060\" \n          style=\"position:absolute; top:0; left:0; width:100%; height:100%;\" \n          frameborder=\"0\" \n          allow=\"autoplay; fullscreen; picture-in-picture\" \n          allowfullscreen>\n<\/iframe>\n<\/div>\t\t\t\t<\/div>\n\t\t\t\t<\/div>\n\t\t\t\t\t<\/div>\n\t\t\t\t<\/div>\n\t\t\t\t<section class=\"elementor-section elementor-top-section elementor-element elementor-element-7bc39034 elementor-section-content-middle lineanewsletter elementor-section-boxed elementor-section-height-default elementor-section-height-default\" data-id=\"7bc39034\" data-element_type=\"section\" data-e-type=\"section\" data-settings=\"{&quot;background_background&quot;:&quot;classic&quot;,&quot;_ha_eqh_enable&quot;:false}\">\n\t\t\t\t\t\t\t<div class=\"elementor-background-overlay\"><\/div>\n\t\t\t\t\t\t\t<div class=\"elementor-container elementor-column-gap-no\">\n\t\t\t\t\t<div class=\"elementor-column elementor-col-100 elementor-top-column elementor-element elementor-element-1c871e5a\" data-id=\"1c871e5a\" data-element_type=\"column\" data-e-type=\"column\" data-settings=\"{&quot;background_background&quot;:&quot;classic&quot;}\">\n\t\t\t<div class=\"elementor-widget-wrap elementor-element-populated\">\n\t\t\t\t\t\t<section class=\"elementor-section elementor-inner-section elementor-element elementor-element-131db68c elementor-section-boxed elementor-section-height-default elementor-section-height-default\" data-id=\"131db68c\" data-element_type=\"section\" data-e-type=\"section\" data-settings=\"{&quot;_ha_eqh_enable&quot;:false}\">\n\t\t\t\t\t\t<div class=\"elementor-container elementor-column-gap-default\">\n\t\t\t\t\t<div class=\"elementor-column elementor-col-100 elementor-inner-column elementor-element elementor-element-77936eb\" data-id=\"77936eb\" data-element_type=\"column\" data-e-type=\"column\">\n\t\t\t<div class=\"elementor-widget-wrap elementor-element-populated\">\n\t\t\t\t\t\t<div class=\"elementor-element elementor-element-6b9d45fb elementor-widget elementor-widget-image\" data-id=\"6b9d45fb\" data-element_type=\"widget\" data-e-type=\"widget\" data-widget_type=\"image.default\">\n\t\t\t\t<div class=\"elementor-widget-container\">\n\t\t\t\t\t\t\t\t\t\t\t\t\t\t\t<img fetchpriority=\"high\" decoding=\"async\" width=\"1024\" height=\"145\" src=\"https:\/\/desire-cruises.com\/wp-content\/uploads\/2025\/04\/Desire-Cruises-Logo-Newsletter-1024x145-Esp.png\" class=\"attachment-large size-large wp-image-9267\" alt=\"\" srcset=\"https:\/\/desire-cruises.com\/wp-content\/uploads\/2025\/04\/Desire-Cruises-Logo-Newsletter-1024x145-Esp.png 1024w, https:\/\/desire-cruises.com\/wp-content\/uploads\/2025\/04\/Desire-Cruises-Logo-Newsletter-1024x145-Esp-300x42.png 300w, https:\/\/desire-cruises.com\/wp-content\/uploads\/2025\/04\/Desire-Cruises-Logo-Newsletter-1024x145-Esp-768x109.png 768w\" sizes=\"(max-width: 1024px) 100vw, 1024px\" title=\"\">\t\t\t\t\t\t\t\t\t\t\t\t\t\t\t<\/div>\n\t\t\t\t<\/div>\n\t\t\t\t<div class=\"elementor-element elementor-element-19c2feff elementor-button-align-stretch elementor-invisible elementor-widget elementor-widget-form\" data-id=\"19c2feff\" data-element_type=\"widget\" data-e-type=\"widget\" data-settings=\"{&quot;button_width&quot;:&quot;33&quot;,&quot;button_width_tablet&quot;:&quot;33&quot;,&quot;_animation&quot;:&quot;fadeInUp&quot;,&quot;step_next_label&quot;:&quot;Siguiente&quot;,&quot;step_previous_label&quot;:&quot;Anterior&quot;,&quot;step_type&quot;:&quot;number_text&quot;,&quot;step_icon_shape&quot;:&quot;circle&quot;}\" data-widget_type=\"form.default\">\n\t\t\t\t<div class=\"elementor-widget-container\">\n\t\t\t\t\t\t\t<form class=\"elementor-form\" method=\"post\" name=\"Nuevo formulario\" aria-label=\"Nuevo formulario\">\n\t\t\t<input type=\"hidden\" name=\"post_id\" value=\"20318\"\/>\n\t\t\t<input type=\"hidden\" name=\"form_id\" value=\"19c2feff\"\/>\n\t\t\t<input type=\"hidden\" name=\"referer_title\" value=\"\" \/>\n\n\t\t\t\n\t\t\t<div class=\"elementor-form-fields-wrapper elementor-labels-\">\n\t\t\t\t\t\t\t\t<div class=\"elementor-field-type-email elementor-field-group elementor-column elementor-field-group-email elementor-col-66 elementor-md-66 elementor-field-required\">\n\t\t\t\t\t\t\t\t\t\t\t\t<label for=\"form-field-email\" class=\"elementor-field-label elementor-screen-only\">\n\t\t\t\t\t\t\t\tEnv\u00eda un correo electr\u00f3nico a\t\t\t\t\t\t\t<\/label>\n\t\t\t\t\t\t\t\t\t\t\t\t\t\t<input size=\"1\" type=\"email\" name=\"form_fields[email]\" id=\"form-field-email\" class=\"elementor-field elementor-size-lg  elementor-field-textual\" placeholder=\"Tu correo electr\u00f3nico\" required=\"required\">\n\t\t\t\t\t\t\t\t\t\t\t<\/div>\n\t\t\t\t\t\t\t\t<div class=\"elementor-field-group elementor-column elementor-field-type-submit elementor-col-33 e-form__buttons elementor-md-33\">\n\t\t\t\t\t<button class=\"elementor-button elementor-size-lg\" type=\"submit\">\n\t\t\t\t\t\t<span class=\"elementor-button-content-wrapper\">\n\t\t\t\t\t\t\t\t\t\t\t\t\t\t\t\t\t\t\t\t\t\t<span class=\"elementor-button-text\">Inscr\u00edbete<\/span>\n\t\t\t\t\t\t\t\t\t\t\t\t\t<\/span>\n\t\t\t\t\t<\/button>\n\t\t\t\t<\/div>\n\t\t\t<\/div>\n\t\t<\/form>\n\t\t\t\t\t\t<\/div>\n\t\t\t\t<\/div>\n\t\t\t\t\t<\/div>\n\t\t<\/div>\n\t\t\t\t\t<\/div>\n\t\t<\/section>\n\t\t\t\t\t<\/div>\n\t\t<\/div>\n\t\t\t\t\t<\/div>\n\t\t<\/section>\n\t\t\t\t<\/div>\n\t\t","protected":false},"excerpt":{"rendered":"<p>Crucero anterior: Desire Rome &#8211; Barcelona Cruise MAYO 13 &#8211; 20, 2025 CIVITAVECCHIA (ROME) | N\u00c1POLES | TAORMINA | LA [&hellip;]<\/p>\n","protected":false},"author":2,"featured_media":0,"parent":0,"menu_order":0,"comment_status":"closed","ping_status":"closed","template":"","meta":{"site-sidebar-layout":"no-sidebar","site-content-layout":"","ast-site-content-layout":"full-width-container","site-content-style":"default","site-sidebar-style":"default","ast-global-header-display":"","ast-banner-title-visibility":"","ast-main-header-display":"","ast-hfb-above-header-display":"","ast-hfb-below-header-display":"","ast-hfb-mobile-header-display":"","site-post-title":"disabled","ast-breadcrumbs-content":"","ast-featured-img":"disabled","footer-sml-layout":"","ast-disable-related-posts":"","theme-transparent-header-meta":"","adv-header-id-meta":"","stick-header-meta":"","header-above-stick-meta":"","header-main-stick-meta":"","header-below-stick-meta":"","astra-migrate-meta-layouts":"default","ast-page-background-enabled":"default","ast-page-background-meta":{"desktop":{"background-color":"var(--ast-global-color-4)","background-image":"","background-repeat":"repeat","background-position":"center center","background-size":"auto","background-attachment":"scroll","background-type":"","background-media":"","overlay-type":"","overlay-color":"","overlay-opacity":"","overlay-gradient":""},"tablet":{"background-color":"","background-image":"","background-repeat":"repeat","background-position":"center center","background-size":"auto","background-attachment":"scroll","background-type":"","background-media":"","overlay-type":"","overlay-color":"","overlay-opacity":"","overlay-gradient":""},"mobile":{"background-color":"","background-image":"","background-repeat":"repeat","background-position":"center center","background-size":"auto","background-attachment":"scroll","background-type":"","background-media":"","overlay-type":"","overlay-color":"","overlay-opacity":"","overlay-gradient":""}},"ast-content-background-meta":{"desktop":{"background-color":"var(--ast-global-color-5)","background-image":"","background-repeat":"repeat","background-position":"center center","background-size":"auto","background-attachment":"scroll","background-type":"","background-media":"","overlay-type":"","overlay-color":"","overlay-opacity":"","overlay-gradient":""},"tablet":{"background-color":"var(--ast-global-color-5)","background-image":"","background-repeat":"repeat","background-position":"center center","background-size":"auto","background-attachment":"scroll","background-type":"","background-media":"","overlay-type":"","overlay-color":"","overlay-opacity":"","overlay-gradient":""},"mobile":{"background-color":"var(--ast-global-color-5)","background-image":"","background-repeat":"repeat","background-position":"center center","background-size":"auto","background-attachment":"scroll","background-type":"","background-media":"","overlay-type":"","overlay-color":"","overlay-opacity":"","overlay-gradient":""}},"footnotes":""},"class_list":["post-20318","page","type-page","status-publish","hentry"],"publishpress_future_action":{"enabled":false,"date":"2026-04-11 02:14:46","action":"change-status","newStatus":"draft","terms":[],"taxonomy":"translation_priority","extraData":[]},"publishpress_future_workflow_manual_trigger":{"enabledWorkflows":[]},"_links":{"self":[{"href":"https:\/\/desire-cruises.com\/es\/wp-json\/wp\/v2\/pages\/20318","targetHints":{"allow":["GET"]}}],"collection":[{"href":"https:\/\/desire-cruises.com\/es\/wp-json\/wp\/v2\/pages"}],"about":[{"href":"https:\/\/desire-cruises.com\/es\/wp-json\/wp\/v2\/types\/page"}],"author":[{"embeddable":true,"href":"https:\/\/desire-cruises.com\/es\/wp-json\/wp\/v2\/users\/2"}],"replies":[{"embeddable":true,"href":"https:\/\/desire-cruises.com\/es\/wp-json\/wp\/v2\/comments?post=20318"}],"version-history":[{"count":5,"href":"https:\/\/desire-cruises.com\/es\/wp-json\/wp\/v2\/pages\/20318\/revisions"}],"predecessor-version":[{"id":20716,"href":"https:\/\/desire-cruises.com\/es\/wp-json\/wp\/v2\/pages\/20318\/revisions\/20716"}],"wp:attachment":[{"href":"https:\/\/desire-cruises.com\/es\/wp-json\/wp\/v2\/media?parent=20318"}],"curies":[{"name":"wp","href":"https:\/\/api.w.org\/{rel}","templated":true}]}}