{"id":25924,"date":"2025-10-10T15:37:40","date_gmt":"2025-10-10T20:37:40","guid":{"rendered":"https:\/\/desire-cruises.com\/crucero-anterior-deseo-atenas-roma-crucero-sept-2025\/"},"modified":"2025-10-13T14:45:04","modified_gmt":"2025-10-13T19:45:04","slug":"crucero-anterior-desire-athens-rome-cruises-sept-2025","status":"publish","type":"page","link":"https:\/\/desire-cruises.com\/es\/crucero-anterior-desire-athens-rome-cruises-sept-2025\/","title":{"rendered":"Crucero anterior: DESIRE ATHENS &#8211; ROME CRUISES SEPT 2025"},"content":{"rendered":"\t\t<div data-elementor-type=\"wp-page\" data-elementor-id=\"25924\" class=\"elementor elementor-25924 elementor-25908\" data-elementor-settings=\"{&quot;ha_cmc_init_switcher&quot;:&quot;no&quot;}\" data-elementor-post-type=\"page\">\n\t\t\t\t<div class=\"elementor-element elementor-element-280bfe3d e-con-full e-flex e-con e-parent\" data-id=\"280bfe3d\" data-element_type=\"container\" data-e-type=\"container\" data-settings=\"{&quot;background_background&quot;:&quot;classic&quot;,&quot;_ha_eqh_enable&quot;:false}\">\n\t\t\t\t<\/div>\n\t\t<div class=\"elementor-element elementor-element-53db8efb e-flex e-con-boxed e-con e-parent\" data-id=\"53db8efb\" data-element_type=\"container\" data-e-type=\"container\" data-settings=\"{&quot;_ha_eqh_enable&quot;:false}\">\n\t\t\t\t\t<div class=\"e-con-inner\">\n\t\t<div class=\"elementor-element elementor-element-7df5d26c e-con-full e-flex e-con e-child\" data-id=\"7df5d26c\" data-element_type=\"container\" data-e-type=\"container\" data-settings=\"{&quot;_ha_eqh_enable&quot;:false}\">\n\t\t<div class=\"elementor-element elementor-element-5a2f0580 e-con-full e-flex e-con e-child\" data-id=\"5a2f0580\" data-element_type=\"container\" data-e-type=\"container\" data-settings=\"{&quot;_ha_eqh_enable&quot;:false}\">\n\t\t\t\t<div class=\"elementor-element elementor-element-6793064 elementor-widget elementor-widget-image\" data-id=\"6793064\" data-element_type=\"widget\" data-e-type=\"widget\" data-widget_type=\"image.default\">\n\t\t\t\t<div class=\"elementor-widget-container\">\n\t\t\t\t\t\t\t\t\t\t\t\t\t\t\t<img decoding=\"async\" width=\"90\" height=\"90\" src=\"https:\/\/desire-cruises.com\/wp-content\/uploads\/2024\/11\/DARC2025-ICONO-CASTILLO.webp\" class=\"attachment-large size-large wp-image-5630\" alt=\"\" title=\"\">\t\t\t\t\t\t\t\t\t\t\t\t\t\t\t<\/div>\n\t\t\t\t<\/div>\n\t\t\t\t<\/div>\n\t\t\t\t<\/div>\n\t\t\t\t<div class=\"elementor-element elementor-element-353cd1f4 elementor-widget elementor-widget-heading\" data-id=\"353cd1f4\" data-element_type=\"widget\" data-e-type=\"widget\" data-widget_type=\"heading.default\">\n\t\t\t\t<div class=\"elementor-widget-container\">\n\t\t\t\t\t<h1 class=\"elementor-heading-title elementor-size-default\">Crucero anterior: Desire Athens - Rome Cruise<\/h1>\t\t\t\t<\/div>\n\t\t\t\t<\/div>\n\t\t\t\t<div class=\"elementor-element elementor-element-36edf68 elementor-widget elementor-widget-text-editor\" data-id=\"36edf68\" data-element_type=\"widget\" data-e-type=\"widget\" data-widget_type=\"text-editor.default\">\n\t\t\t\t<div class=\"elementor-widget-container\">\n\t\t\t\t\t\t\t\t\t<center>27 Sept &#8211; 04 Oct 2025<br \/><strong>ATENAS (PIREO) | SANTORINI | SOUDA (CRETA) | ARGOSTOLI | MESSINA (SICILIA) | <span data-teams=\"true\">N\u00c1POLES<\/span> | CIVITAVECCHIA (ROMA)<\/strong><\/center>\t\t\t\t\t\t\t\t<\/div>\n\t\t\t\t<\/div>\n\t\t\t\t\t<\/div>\n\t\t\t\t<\/div>\n\t\t<div class=\"elementor-element elementor-element-6e13a1b2 e-flex e-con-boxed e-con e-parent\" data-id=\"6e13a1b2\" data-element_type=\"container\" data-e-type=\"container\" data-settings=\"{&quot;_ha_eqh_enable&quot;:false}\">\n\t\t\t\t\t<div class=\"e-con-inner\">\n\t\t<div class=\"elementor-element elementor-element-2494ccd5 e-con-full e-flex e-con e-child\" data-id=\"2494ccd5\" data-element_type=\"container\" data-e-type=\"container\" data-settings=\"{&quot;_ha_eqh_enable&quot;:false}\">\n\t\t\t\t<div class=\"elementor-element elementor-element-5d746a71 elementor-widget elementor-widget-heading\" data-id=\"5d746a71\" data-element_type=\"widget\" data-e-type=\"widget\" data-widget_type=\"heading.default\">\n\t\t\t\t<div class=\"elementor-widget-container\">\n\t\t\t\t\t<p class=\"elementor-heading-title elementor-size-default\"><p style=\"text-align: justify\">Queridos amigos de Desire, los de siempre y los nuevos:\n\n\n\n<\/p>\n\n<p style=\"text-align: justify\">Gracias por acompa\u00f1arnos en este inolvidable cGracias por acompa\u00f1arnos en este inolvidable crucero de Atenas a Roma. \u00a1Qu\u00e9 viaje tan incre\u00edble hemos vivido! Una traves\u00eda llena de fantas\u00eda, aventura y momentos que atesoraremos mucho despu\u00e9s de regresar a tierra firme.\n\n\n<\/p>\n\n<p style=\"text-align: justify\">Desde la vista espectacular y el ambiente de nuestro Meet &amp; Greet VIP hasta los impresionantes atardeceres en el Mediterr\u00e1neo, cada instante se llen\u00f3 de la energ\u00eda vibrante que trajeron a bordo. Su presencia hizo de este viaje algo verdaderamente especial. Ya sea bailando bajo las estrellas en nuestras fiestas exclusivas en la cubierta de la piscina, explorando ciudades milenarias o simplemente dej\u00e1ndose llevar por el ambiente \u00fanico, cada uno de ustedes ayud\u00f3 a crear la magia que define la experiencia Desire.\n\n<\/p>\n\n\n<p style=\"text-align: justify\">Este crucero no se trataba solo de los destinos, sino de la conexi\u00f3n, la libertad y la emoci\u00f3n compartida de descubrir algo nuevo juntos. Esperamos que hayan sentido ese esp\u00edritu de aventura y la incre\u00edble energ\u00eda que solo esta comunidad sabe crear.\n\n\n<p style=\"text-align: justify\">Al recordar las risas, las noches que se alargaron y los recuerdos que construimos, ya estamos so\u00f1ando con nuestro pr\u00f3ximo cap\u00edtulo juntos. Gracias por traer sus corazones abiertos, sus esp\u00edritus atrevidos y su amor compartido por lo extraordinario.\n\n\n\n\n\n<\/p>\n\n\n<p style=\"text-align: justify\">\n\nHasta que volvamos a navegar\u2026 mant\u00e9nganse aventureros, juguetones y mantengan vivo el deseo.\n. <br><strong> It's-a me, \u00a1Mario!<\/strong> \n\n\n<\/p>\n\n\n\n\n\n\n\n<\/p>\t\t\t\t<\/div>\n\t\t\t\t<\/div>\n\t\t\t\t<div class=\"elementor-element elementor-element-dc067e1 elementor-widget elementor-widget-video\" data-id=\"dc067e1\" data-element_type=\"widget\" data-e-type=\"widget\" data-settings=\"{&quot;video_type&quot;:&quot;vimeo&quot;}\" data-widget_type=\"video.default\">\n\t\t\t\t<div class=\"elementor-widget-container\">\n\t\t\t\t\t\t\t<div class=\"elementor-wrapper elementor-open-inline\">\n\t\t\t<iframe class=\"elementor-video-iframe\" allowfullscreen allow=\"clipboard-write\" title=\"Reproductor de v\u00eddeo vimeo\" src=\"https:\/\/player.vimeo.com\/video\/1126919259?color&amp;autopause=0&amp;loop=0&amp;muted=0&amp;title=0&amp;portrait=0&amp;byline=0#t=\"><\/iframe>\t\t<\/div>\n\t\t\t\t\t\t<\/div>\n\t\t\t\t<\/div>\n\t\t\t\t<\/div>\n\t\t\t\t\t<\/div>\n\t\t\t\t<\/div>\n\t\t\t\t<section class=\"elementor-section elementor-top-section elementor-element elementor-element-7bc39034 elementor-section-content-middle lineanewsletter elementor-section-boxed elementor-section-height-default elementor-section-height-default\" data-id=\"7bc39034\" data-element_type=\"section\" data-e-type=\"section\" data-settings=\"{&quot;background_background&quot;:&quot;classic&quot;,&quot;_ha_eqh_enable&quot;:false}\">\n\t\t\t\t\t\t\t<div class=\"elementor-background-overlay\"><\/div>\n\t\t\t\t\t\t\t<div class=\"elementor-container elementor-column-gap-no\">\n\t\t\t\t\t<div class=\"elementor-column elementor-col-100 elementor-top-column elementor-element elementor-element-1c871e5a\" data-id=\"1c871e5a\" data-element_type=\"column\" data-e-type=\"column\" data-settings=\"{&quot;background_background&quot;:&quot;classic&quot;}\">\n\t\t\t<div class=\"elementor-widget-wrap elementor-element-populated\">\n\t\t\t\t\t\t<div class=\"elementor-element elementor-element-71983ae elementor-widget elementor-widget-shortcode\" data-id=\"71983ae\" data-element_type=\"widget\" data-e-type=\"widget\" data-widget_type=\"shortcode.default\">\n\t\t\t\t<div class=\"elementor-widget-container\">\n\t\t\t\t\t\t\t<div class=\"elementor-shortcode\"><div class='_form_21'><\/div><script type='text\/javascript' src='https:\/\/operadorayatescancun.activehosted.com\/f\/embed.php?static=0&id=21&69F113A17087E&nostyles=0&preview=0'><\/script><\/div>\n\t\t\t\t\t\t<\/div>\n\t\t\t\t<\/div>\n\t\t\t\t\t<\/div>\n\t\t<\/div>\n\t\t\t\t\t<\/div>\n\t\t<\/section>\n\t\t\t\t<\/div>\n\t\t","protected":false},"excerpt":{"rendered":"<p>Crucero anterior: Desire Athens &#8211; Rome Cruise 27 Sept &#8211; 04 Oct 2025ATENAS (PIREO) | SANTORINI | SOUDA (CRETA) | [&hellip;]<\/p>\n","protected":false},"author":2,"featured_media":0,"parent":0,"menu_order":0,"comment_status":"closed","ping_status":"closed","template":"","meta":{"site-sidebar-layout":"no-sidebar","site-content-layout":"","ast-site-content-layout":"full-width-container","site-content-style":"default","site-sidebar-style":"default","ast-global-header-display":"","ast-banner-title-visibility":"","ast-main-header-display":"","ast-hfb-above-header-display":"","ast-hfb-below-header-display":"","ast-hfb-mobile-header-display":"","site-post-title":"disabled","ast-breadcrumbs-content":"","ast-featured-img":"disabled","footer-sml-layout":"","ast-disable-related-posts":"","theme-transparent-header-meta":"","adv-header-id-meta":"","stick-header-meta":"","header-above-stick-meta":"","header-main-stick-meta":"","header-below-stick-meta":"","astra-migrate-meta-layouts":"default","ast-page-background-enabled":"default","ast-page-background-meta":{"desktop":{"background-color":"var(--ast-global-color-4)","background-image":"","background-repeat":"repeat","background-position":"center center","background-size":"auto","background-attachment":"scroll","background-type":"","background-media":"","overlay-type":"","overlay-color":"","overlay-opacity":"","overlay-gradient":""},"tablet":{"background-color":"","background-image":"","background-repeat":"repeat","background-position":"center center","background-size":"auto","background-attachment":"scroll","background-type":"","background-media":"","overlay-type":"","overlay-color":"","overlay-opacity":"","overlay-gradient":""},"mobile":{"background-color":"","background-image":"","background-repeat":"repeat","background-position":"center center","background-size":"auto","background-attachment":"scroll","background-type":"","background-media":"","overlay-type":"","overlay-color":"","overlay-opacity":"","overlay-gradient":""}},"ast-content-background-meta":{"desktop":{"background-color":"var(--ast-global-color-5)","background-image":"","background-repeat":"repeat","background-position":"center center","background-size":"auto","background-attachment":"scroll","background-type":"","background-media":"","overlay-type":"","overlay-color":"","overlay-opacity":"","overlay-gradient":""},"tablet":{"background-color":"var(--ast-global-color-5)","background-image":"","background-repeat":"repeat","background-position":"center center","background-size":"auto","background-attachment":"scroll","background-type":"","background-media":"","overlay-type":"","overlay-color":"","overlay-opacity":"","overlay-gradient":""},"mobile":{"background-color":"var(--ast-global-color-5)","background-image":"","background-repeat":"repeat","background-position":"center center","background-size":"auto","background-attachment":"scroll","background-type":"","background-media":"","overlay-type":"","overlay-color":"","overlay-opacity":"","overlay-gradient":""}},"footnotes":""},"class_list":["post-25924","page","type-page","status-publish","hentry"],"publishpress_future_action":{"enabled":false,"date":"2026-05-05 15:08:01","action":"change-status","newStatus":"draft","terms":[],"taxonomy":"translation_priority","extraData":[]},"publishpress_future_workflow_manual_trigger":{"enabledWorkflows":[]},"_links":{"self":[{"href":"https:\/\/desire-cruises.com\/es\/wp-json\/wp\/v2\/pages\/25924","targetHints":{"allow":["GET"]}}],"collection":[{"href":"https:\/\/desire-cruises.com\/es\/wp-json\/wp\/v2\/pages"}],"about":[{"href":"https:\/\/desire-cruises.com\/es\/wp-json\/wp\/v2\/types\/page"}],"author":[{"embeddable":true,"href":"https:\/\/desire-cruises.com\/es\/wp-json\/wp\/v2\/users\/2"}],"replies":[{"embeddable":true,"href":"https:\/\/desire-cruises.com\/es\/wp-json\/wp\/v2\/comments?post=25924"}],"version-history":[{"count":5,"href":"https:\/\/desire-cruises.com\/es\/wp-json\/wp\/v2\/pages\/25924\/revisions"}],"predecessor-version":[{"id":26009,"href":"https:\/\/desire-cruises.com\/es\/wp-json\/wp\/v2\/pages\/25924\/revisions\/26009"}],"wp:attachment":[{"href":"https:\/\/desire-cruises.com\/es\/wp-json\/wp\/v2\/media?parent=25924"}],"curies":[{"name":"wp","href":"https:\/\/api.w.org\/{rel}","templated":true}]}}