{"id":28847,"date":"2026-03-05T09:37:12","date_gmt":"2026-03-05T14:37:12","guid":{"rendered":"https:\/\/desire-cruises.com\/?page_id=28847"},"modified":"2026-03-05T09:37:12","modified_gmt":"2026-03-05T14:37:12","slug":"crucero-anterior-desire-west-indies-2026","status":"publish","type":"page","link":"https:\/\/desire-cruises.com\/es\/crucero-anterior-desire-west-indies-2026\/","title":{"rendered":"Crucero anterior: DESIRE WEST INDIES 2026"},"content":{"rendered":"\t\t<div data-elementor-type=\"wp-page\" data-elementor-id=\"28847\" class=\"elementor elementor-28847 elementor-28793\" data-elementor-settings=\"{&quot;ha_cmc_init_switcher&quot;:&quot;no&quot;}\" data-elementor-post-type=\"page\">\n\t\t\t\t<div class=\"elementor-element elementor-element-280bfe3d e-con-full e-flex e-con e-parent\" data-id=\"280bfe3d\" data-element_type=\"container\" data-e-type=\"container\" data-settings=\"{&quot;background_background&quot;:&quot;classic&quot;,&quot;_ha_eqh_enable&quot;:false}\">\n\t\t\t\t<\/div>\n\t\t<div class=\"elementor-element elementor-element-53db8efb e-flex e-con-boxed e-con e-parent\" data-id=\"53db8efb\" data-element_type=\"container\" data-e-type=\"container\" data-settings=\"{&quot;_ha_eqh_enable&quot;:false}\">\n\t\t\t\t\t<div class=\"e-con-inner\">\n\t\t<div class=\"elementor-element elementor-element-7df5d26c e-con-full e-flex e-con e-child\" data-id=\"7df5d26c\" data-element_type=\"container\" data-e-type=\"container\" data-settings=\"{&quot;_ha_eqh_enable&quot;:false}\">\n\t\t<div class=\"elementor-element elementor-element-5a2f0580 e-con-full e-flex e-con e-child\" data-id=\"5a2f0580\" data-element_type=\"container\" data-e-type=\"container\" data-settings=\"{&quot;_ha_eqh_enable&quot;:false}\">\n\t\t\t\t<div class=\"elementor-element elementor-element-6793064 elementor-widget elementor-widget-image\" data-id=\"6793064\" data-element_type=\"widget\" data-e-type=\"widget\" data-widget_type=\"image.default\">\n\t\t\t\t<div class=\"elementor-widget-container\">\n\t\t\t\t\t\t\t\t\t\t\t\t\t\t\t<img decoding=\"async\" width=\"90\" height=\"90\" src=\"https:\/\/desire-cruises.com\/wp-content\/uploads\/2024\/11\/DARC2025-ICONO-CASTILLO.webp\" class=\"attachment-large size-large wp-image-5630\" alt=\"\" title=\"\">\t\t\t\t\t\t\t\t\t\t\t\t\t\t\t<\/div>\n\t\t\t\t<\/div>\n\t\t\t\t<\/div>\n\t\t\t\t<\/div>\n\t\t\t\t<div class=\"elementor-element elementor-element-353cd1f4 elementor-widget elementor-widget-heading\" data-id=\"353cd1f4\" data-element_type=\"widget\" data-e-type=\"widget\" data-widget_type=\"heading.default\">\n\t\t\t\t<div class=\"elementor-widget-container\">\n\t\t\t\t\t<h1 class=\"elementor-heading-title elementor-size-default\">Crucero anterior: Desire West Indies 2026<\/h1>\t\t\t\t<\/div>\n\t\t\t\t<\/div>\n\t\t\t\t<div class=\"elementor-element elementor-element-36edf68 elementor-widget elementor-widget-text-editor\" data-id=\"36edf68\" data-element_type=\"widget\" data-e-type=\"widget\" data-widget_type=\"text-editor.default\">\n\t\t\t\t<div class=\"elementor-widget-container\">\n\t\t\t\t\t\t\t\t\t<center>15 &#8211; 22 de febrero de 2026 <\/center><center><strong>BRIDGETOWN | KINGSTON | FORT-DE-FRANCE | PHILIPSBURG| GUSTAVIA | CASTRIES| BRIDGETOWN<\/strong><\/center>\t\t\t\t\t\t\t\t<\/div>\n\t\t\t\t<\/div>\n\t\t\t\t\t<\/div>\n\t\t\t\t<\/div>\n\t\t<div class=\"elementor-element elementor-element-6e13a1b2 e-flex e-con-boxed e-con e-parent\" data-id=\"6e13a1b2\" data-element_type=\"container\" data-e-type=\"container\" data-settings=\"{&quot;_ha_eqh_enable&quot;:false}\">\n\t\t\t\t\t<div class=\"e-con-inner\">\n\t\t<div class=\"elementor-element elementor-element-2494ccd5 e-con-full e-flex e-con e-child\" data-id=\"2494ccd5\" data-element_type=\"container\" data-e-type=\"container\" data-settings=\"{&quot;_ha_eqh_enable&quot;:false}\">\n\t\t\t\t<div class=\"elementor-element elementor-element-5d746a71 elementor-widget elementor-widget-heading\" data-id=\"5d746a71\" data-element_type=\"widget\" data-e-type=\"widget\" data-widget_type=\"heading.default\">\n\t\t\t\t<div class=\"elementor-widget-container\">\n\t\t\t\t\t<p class=\"elementor-heading-title elementor-size-default\"><p style=\"text-align: justify\">Estimados hu\u00e9spedes,\n\n\n\n<\/p>\n\n<p style=\"text-align: justify\">Gracias por zarpar con nosotros en nuestra traves\u00eda Desire West Indies Cruise 2026, en el que cada d\u00eda nos regal\u00f3 un clima excepcional y atardeceres que pintaron el cielo de forma memorable. A bordo de este crucero, disfrutamos fiestas incomparables, incluyendo White Night, nuestra m\u00e1gica celebraci\u00f3n bajo las estrellas, y esas veladas inolvidables que cobraron vida gracias al talento de la pianista Elisa y la Rai Band en Martinis Bar. \n\n\n<\/p>\n\n<p style=\"text-align: justify\">Su energ\u00eda, sonrisas y esp\u00edritu hicieron que este viaje fuera realmente especial. Esperamos darles la bienvenida nuevamente, ya sea en nuestro emocionante crucero de agosto o en el itinerario que cautive a su alma aventurera. \n\n<\/p>\n\n\n<p style=\"text-align: justify\">Mientras nos encontramos de nuevo, \u00a1que la vida siga siendo maravillosa! <br>\n\n\n<p style=\"text-align: justify\">\n<strong>  Soy yo... \u00a1Mario!<\/strong> \n\n<\/p>\n\n\n\n\n\n\n\n<\/p>\t\t\t\t<\/div>\n\t\t\t\t<\/div>\n\t\t\t\t<\/div>\n\t\t\t\t\t<\/div>\n\t\t\t\t<\/div>\n\t\t\t\t<section class=\"elementor-section elementor-top-section elementor-element elementor-element-4998c093 elementor-section-full_width elementor-section-height-default elementor-section-height-default\" data-id=\"4998c093\" data-element_type=\"section\" data-e-type=\"section\" data-settings=\"{&quot;_ha_eqh_enable&quot;:false}\">\n\t\t\t\t\t\t<div class=\"elementor-container elementor-column-gap-no\">\n\t\t\t\t\t<div class=\"elementor-column elementor-col-100 elementor-top-column elementor-element elementor-element-42b2c93e\" data-id=\"42b2c93e\" data-element_type=\"column\" data-e-type=\"column\">\n\t\t\t<div class=\"elementor-widget-wrap elementor-element-populated\">\n\t\t\t\t\t\t<div class=\"elementor-element elementor-element-480d12a3 elementor-arrows-position-inside elementor-widget elementor-widget-image-carousel\" data-id=\"480d12a3\" data-element_type=\"widget\" data-e-type=\"widget\" data-settings=\"{&quot;slides_to_show&quot;:&quot;4&quot;,&quot;navigation&quot;:&quot;arrows&quot;,&quot;slides_to_scroll&quot;:&quot;1&quot;,&quot;autoplay&quot;:&quot;yes&quot;,&quot;pause_on_hover&quot;:&quot;yes&quot;,&quot;pause_on_interaction&quot;:&quot;yes&quot;,&quot;autoplay_speed&quot;:5000,&quot;infinite&quot;:&quot;yes&quot;,&quot;speed&quot;:500}\" data-widget_type=\"image-carousel.default\">\n\t\t\t\t<div class=\"elementor-widget-container\">\n\t\t\t\t\t\t\t<div class=\"elementor-image-carousel-wrapper swiper\" role=\"region\" aria-roledescription=\"carousel\" aria-label=\"Image Carousel\" dir=\"ltr\">\n\t\t\t<div class=\"elementor-image-carousel swiper-wrapper\" aria-live=\"off\">\n\t\t\t\t\t\t\t\t<div class=\"swiper-slide\" role=\"group\" aria-roledescription=\"slide\" aria-label=\"1 de 20\"><figure class=\"swiper-slide-inner\"><img decoding=\"async\" class=\"swiper-slide-image\" src=\"https:\/\/desire-cruises.com\/wp-content\/uploads\/elementor\/thumbs\/DWIC2026_Cruises_PaginadeCierre_Galeria_08_Cabina_800x600px-rk2au1blxygsa85outq7ajf9sv8efi4tk2lmpj5g94.jpg\" alt=\"DWIC2026_Cruises_PaginadeCierre_Galeria_08_Cabina_800x600px\" title=\"\"><\/figure><\/div><div class=\"swiper-slide\" role=\"group\" aria-roledescription=\"slide\" aria-label=\"2 de 20\"><figure class=\"swiper-slide-inner\"><img decoding=\"async\" class=\"swiper-slide-image\" src=\"https:\/\/desire-cruises.com\/wp-content\/uploads\/elementor\/thumbs\/DWIC2026_Cruises_PaginadeCierre_Galeria_09_Concepto_800x600px-rk2auuglttkoa4zd4obmxu2k7t8s24ci02tol3y8w8.jpg\" alt=\"DWIC2026_Cruises_PaginadeCierre_Galeria_09_Concepto_800x600px\" title=\"\"><\/figure><\/div><div class=\"swiper-slide\" role=\"group\" aria-roledescription=\"slide\" aria-label=\"3 de 20\"><figure class=\"swiper-slide-inner\"><img decoding=\"async\" class=\"swiper-slide-image\" src=\"https:\/\/desire-cruises.com\/wp-content\/uploads\/elementor\/thumbs\/DWIC2026_Cruises_PaginadeCierre_Galeria_15_Playmakers_800x600px-rk2avlpxc0lzmtvrpi3tg56xfzif9ccprtqri4ttvs.jpg\" alt=\"DWIC2026_Cruceros_PaginadeCierre_Galeria_15_Jugadores_800x600px\" title=\"\"><\/figure><\/div><div class=\"swiper-slide\" role=\"group\" aria-roledescription=\"slide\" aria-label=\"4 de 20\"><figure class=\"swiper-slide-inner\"><img decoding=\"async\" class=\"swiper-slide-image\" src=\"https:\/\/desire-cruises.com\/wp-content\/uploads\/elementor\/thumbs\/DWIC2026_Cruises_PaginadeCierre_Galeria_14_Cubierta_800x600px-rk2awdx311olb4qt4uamiy2r9jnfo9gnvpbbwfo0p4.jpg\" alt=\"DWIC2026_Cruises_PaginadeCierre_Galeria_14_Cubierta_800x600px\" title=\"\"><\/figure><\/div><div class=\"swiper-slide\" role=\"group\" aria-roledescription=\"slide\" aria-label=\"5 de 20\"><figure class=\"swiper-slide-inner\"><img decoding=\"async\" class=\"swiper-slide-image\" src=\"https:\/\/desire-cruises.com\/wp-content\/uploads\/elementor\/thumbs\/DWIC2026_Cruises_PaginadeCierre_Galeria_19_Barbados_800x600px-rk2ax722wwshb1kheow268q1ohntavocbpjds0gtc8.jpg\" alt=\"DWIC2026_Cruises_PaginadeCierre_Galeria_19_Barbados_800x600px\" title=\"\"><\/figure><\/div><div class=\"swiper-slide\" role=\"group\" aria-roledescription=\"slide\" aria-label=\"6 de 20\"><figure class=\"swiper-slide-inner\"><img decoding=\"async\" class=\"swiper-slide-image\" src=\"https:\/\/desire-cruises.com\/wp-content\/uploads\/elementor\/thumbs\/DWIC2026_Cruises_PaginadeCierre_Galeria_01_STLucia_800x600px-rk2axz98lxv2zcfiu12v91lvi1stpssafl3y6bb05k.jpg\" alt=\"DWIC2026_Cruises_PaginadeCierre_Galeria_01_STLucia_800x600px\" title=\"\"><\/figure><\/div><div class=\"swiper-slide\" role=\"group\" aria-roledescription=\"slide\" aria-label=\"7 de 20\"><figure class=\"swiper-slide-inner\"><img decoding=\"async\" class=\"swiper-slide-image\" src=\"https:\/\/desire-cruises.com\/wp-content\/uploads\/elementor\/thumbs\/DWIC2026_Cruises_PaginadeCierre_Galeria_10_Show_800x600px-rk2b3p3w6novly4ig025x3ntlfm7jihi7vza9wtsaw.jpg\" alt=\"DWIC2026_Cruises_PaginadeCierre_Galeria_10_Show_800x600px\" title=\"\"><\/figure><\/div><div class=\"swiper-slide\" role=\"group\" aria-roledescription=\"slide\" aria-label=\"8 de 20\"><figure class=\"swiper-slide-inner\"><img decoding=\"async\" class=\"swiper-slide-image\" src=\"https:\/\/desire-cruises.com\/wp-content\/uploads\/elementor\/thumbs\/DWIC2026_Cruises_PaginadeCierre_Galeria_07_DJs_800x600px-rk2b2v123yjpafc7bn23pb92l3qgp763fr3qx22du0.jpg\" alt=\"DWIC2026_Cruises_PaginadeCierre_Galeria_07_DJs_800x600px\" title=\"\"><\/figure><\/div><div class=\"swiper-slide\" role=\"group\" aria-roledescription=\"slide\" aria-label=\"9 de 20\"><figure class=\"swiper-slide-inner\"><img decoding=\"async\" class=\"swiper-slide-image\" src=\"https:\/\/desire-cruises.com\/wp-content\/uploads\/elementor\/thumbs\/DWIC2026_Cruises_PaginadeCierre_Galeria_06_Desayuno_800x600px-rk2b21w283ftaiij1sgo20ls65q32kyezqvp1h9l6w.jpg\" alt=\"DWIC2026_Cruises_PaginadeCierre_Galeria_06_Desayuno_800x600px\" title=\"\"><\/figure><\/div><div class=\"swiper-slide\" role=\"group\" aria-roledescription=\"slide\" aria-label=\"10 de 20\"><figure class=\"swiper-slide-inner\"><img decoding=\"async\" class=\"swiper-slide-image\" src=\"https:\/\/desire-cruises.com\/wp-content\/uploads\/elementor\/thumbs\/DWIC2026_Cruises_PaginadeCierre_Galeria_05_Show_800x600px-rk2b18r2c8bxalourxv8epyhr7ppfyqqjqnn5wgsjs.jpg\" alt=\"DWIC2026_Cruises_PaginadeCierre_Galeria_05_Show_800x600px\" title=\"\"><\/figure><\/div><div class=\"swiper-slide\" role=\"group\" aria-roledescription=\"slide\" aria-label=\"11 de 20\"><figure class=\"swiper-slide-inner\"><img decoding=\"async\" class=\"swiper-slide-image\" src=\"https:\/\/desire-cruises.com\/wp-content\/uploads\/elementor\/thumbs\/DWIC2026_Cruises_PaginadeCierre_Galeria_04_Playroom_800x600px-rk2b0eo89j6qz2wjnkv66xjqqvtylnfbrls3t1pe2w.jpg\" alt=\"DWIC2026_Cruises_PaginadeCierre_Galeria_04_Playroom_800x600px\" title=\"\"><\/figure><\/div><div class=\"swiper-slide\" role=\"group\" aria-roledescription=\"slide\" aria-label=\"12 de 20\"><figure class=\"swiper-slide-inner\"><img decoding=\"async\" class=\"swiper-slide-image\" src=\"https:\/\/desire-cruises.com\/wp-content\/uploads\/elementor\/thumbs\/DWIC2026_Cruises_PaginadeCierre_Galeria_03_Barco_800x600px-rk2azmh2ki45as1i88od44nwxboy6qbdnq7jeqv79k.jpg\" alt=\"DWIC2026_Cruises_PaginadeCierre_Galeria_03_Barco_800x600px\" title=\"\"><\/figure><\/div><div class=\"swiper-slide\" role=\"group\" aria-roledescription=\"slide\" aria-label=\"13 de 20\"><figure class=\"swiper-slide-inner\"><img decoding=\"async\" class=\"swiper-slide-image\" src=\"https:\/\/desire-cruises.com\/wp-content\/uploads\/elementor\/thumbs\/DWIC2026_Cruises_PaginadeCierre_Galeria_02_GalaNight_800x600px-rk2ayse8hsyyz9973voawc95wzt7cezyvlc01w3sso.jpg\" alt=\"DWIC2026_Cruises_PaginadeCierre_Galeria_02_GalaNight_800x600px\" title=\"\"><\/figure><\/div><div class=\"swiper-slide\" role=\"group\" aria-roledescription=\"slide\" aria-label=\"14 de 20\"><figure class=\"swiper-slide-inner\"><img decoding=\"async\" class=\"swiper-slide-image\" src=\"https:\/\/desire-cruises.com\/wp-content\/uploads\/elementor\/thumbs\/DWIC2026_Cruises_PaginadeCierre_Galeria_11_Bebidas_800x600px-rk2b4j6q9cu1xgwtkd284w2klrhydtsx00utmrl6rs.jpg\" alt=\"DWIC2026_Cruises_PaginadeCierre_Galeria_11_Bebidas_800x600px\" title=\"\"><\/figure><\/div><div class=\"swiper-slide\" role=\"group\" aria-roledescription=\"slide\" aria-label=\"15 de 20\"><figure class=\"swiper-slide-inner\"><img decoding=\"async\" class=\"swiper-slide-image\" src=\"https:\/\/desire-cruises.com\/wp-content\/uploads\/elementor\/thumbs\/DWIC2026_Cruises_PaginadeCierre_Galeria_12_GalaNight_800x600px-rk2b5d9kc1z88zp4oq2acohbm3dp854bs5qczmcl8o.jpg\" alt=\"DWIC2026_Cruises_PaginadeCierre_Galeria_12_GalaNight_800x600px\" title=\"\"><\/figure><\/div><div class=\"swiper-slide\" role=\"group\" aria-roledescription=\"slide\" aria-label=\"16 de 20\"><figure class=\"swiper-slide-inner\"><img decoding=\"async\" class=\"swiper-slide-image\" src=\"https:\/\/desire-cruises.com\/wp-content\/uploads\/elementor\/thumbs\/DWIC2026_Cruises_PaginadeCierre_Galeria_13_Tripulacion_800x600px-rk2b64ivu90jlolj9juguzlou9ncfd4jjwnfwn8688.jpg\" alt=\"DWIC2026_Cruceros_PaginadeCierre_Galeria_13_Tripulacion_800x600px\" title=\"\"><\/figure><\/div><div class=\"swiper-slide\" role=\"group\" aria-roledescription=\"slide\" aria-label=\"17 de 20\"><figure class=\"swiper-slide-inner\"><img decoding=\"async\" class=\"swiper-slide-image\" src=\"https:\/\/desire-cruises.com\/wp-content\/uploads\/elementor\/thumbs\/DWIC2026_Cruises_PaginadeCierre_Galeria_16_Cabina_800x600px-rk2b6ylpwy5px7dudwuj2s0fulj39ofyc1iz9hzkp4.jpg\" alt=\"DWIC2026_Cruises_PaginadeCierre_Galeria_16_Cabina_800x600px\" title=\"\"><\/figure><\/div><div class=\"swiper-slide\" role=\"group\" aria-roledescription=\"slide\" aria-label=\"18 de 20\"><figure class=\"swiper-slide-inner\"><img decoding=\"async\" class=\"swiper-slide-image\" src=\"https:\/\/desire-cruises.com\/wp-content\/uploads\/elementor\/thumbs\/DWIC2026_Cruises_PaginadeCierre_Galeria_17_Playmakers_800x600px-rk2b7ox78b5qyabm48830ldchdxd97cfrnskp8wjuw.jpg\" alt=\"DWIC2026_Cruceros_PaginadeCierre_Galeria_17_Jugadores_800x600px\" title=\"\"><\/figure><\/div><div class=\"swiper-slide\" role=\"group\" aria-roledescription=\"slide\" aria-label=\"19 de 20\"><figure class=\"swiper-slide-inner\"><img decoding=\"async\" class=\"swiper-slide-image\" src=\"https:\/\/desire-cruises.com\/wp-content\/uploads\/elementor\/thumbs\/DWIC2026_Cruises_PaginadeCierre_Galeria_18_Cubierta_800x600px-rk2b8h4cxc8cml6njkew3e96ay2do4gdvjd53jqqo8.jpg\" alt=\"DWIC2026_Cruises_PaginadeCierre_Galeria_18_Cubierta_800x600px\" title=\"\"><\/figure><\/div><div class=\"swiper-slide\" role=\"group\" aria-roledescription=\"slide\" aria-label=\"20 de 20\"><figure class=\"swiper-slide-inner\"><img decoding=\"async\" class=\"swiper-slide-image\" src=\"https:\/\/desire-cruises.com\/wp-content\/uploads\/elementor\/thumbs\/DWIC2026_Cruises_PaginadeCierre_Galeria_20_Show_800x600px-rk2b96i01v73c25sfddtgpumcclafy94z0z920p408.jpg\" alt=\"DWIC2026_Cruises_PaginadeCierre_Galeria_20_Show_800x600px\" title=\"\"><\/figure><\/div>\t\t\t<\/div>\n\t\t\t\t\t\t\t\t\t\t\t\t<div class=\"elementor-swiper-button elementor-swiper-button-prev\" role=\"button\" tabindex=\"0\">\n\t\t\t\t\t\t<svg aria-hidden=\"true\" class=\"e-font-icon-svg e-eicon-chevron-left\" viewBox=\"0 0 1000 1000\" xmlns=\"http:\/\/www.w3.org\/2000\/svg\"><path d=\"M646 125C629 125 613 133 604 142L308 442C296 454 292 471 292 487 292 504 296 521 308 533L604 854C617 867 629 875 646 875 663 875 679 871 692 858 704 846 713 829 713 812 713 796 708 779 692 767L438 487 692 225C700 217 708 204 708 187 708 171 704 154 692 142 675 129 663 125 646 125Z\"><\/path><\/svg>\t\t\t\t\t<\/div>\n\t\t\t\t\t<div class=\"elementor-swiper-button elementor-swiper-button-next\" role=\"button\" tabindex=\"0\">\n\t\t\t\t\t\t<svg aria-hidden=\"true\" class=\"e-font-icon-svg e-eicon-chevron-right\" viewBox=\"0 0 1000 1000\" xmlns=\"http:\/\/www.w3.org\/2000\/svg\"><path d=\"M696 533C708 521 713 504 713 487 713 471 708 454 696 446L400 146C388 133 375 125 354 125 338 125 325 129 313 142 300 154 292 171 292 187 292 204 296 221 308 233L563 492 304 771C292 783 288 800 288 817 288 833 296 850 308 863 321 871 338 875 354 875 371 875 388 867 400 854L696 533Z\"><\/path><\/svg>\t\t\t\t\t<\/div>\n\t\t\t\t\n\t\t\t\t\t\t\t\t\t<\/div>\n\t\t\t\t\t\t<\/div>\n\t\t\t\t<\/div>\n\t\t\t\t\t<\/div>\n\t\t<\/div>\n\t\t\t\t\t<\/div>\n\t\t<\/section>\n\t\t\t\t<section class=\"elementor-section elementor-top-section elementor-element elementor-element-7bc39034 elementor-section-content-middle lineanewsletter elementor-section-boxed elementor-section-height-default elementor-section-height-default\" data-id=\"7bc39034\" data-element_type=\"section\" data-e-type=\"section\" data-settings=\"{&quot;background_background&quot;:&quot;classic&quot;,&quot;_ha_eqh_enable&quot;:false}\">\n\t\t\t\t\t\t\t<div class=\"elementor-background-overlay\"><\/div>\n\t\t\t\t\t\t\t<div class=\"elementor-container elementor-column-gap-no\">\n\t\t\t\t\t<div class=\"elementor-column elementor-col-100 elementor-top-column elementor-element elementor-element-1c871e5a\" data-id=\"1c871e5a\" data-element_type=\"column\" data-e-type=\"column\" data-settings=\"{&quot;background_background&quot;:&quot;classic&quot;}\">\n\t\t\t<div class=\"elementor-widget-wrap elementor-element-populated\">\n\t\t\t\t\t\t<div class=\"elementor-element elementor-element-1fffe16 elementor-widget elementor-widget-shortcode\" data-id=\"1fffe16\" data-element_type=\"widget\" data-e-type=\"widget\" data-widget_type=\"shortcode.default\">\n\t\t\t\t<div class=\"elementor-widget-container\">\n\t\t\t\t\t\t\t<div class=\"elementor-shortcode\"><div class='_form_19'><\/div><script type='text\/javascript' src='https:\/\/operadorayatescancun.activehosted.com\/f\/embed.php?static=0&id=19&69F113A0CBA01&nostyles=0&preview=0'><\/script><\/div>\n\t\t\t\t\t\t<\/div>\n\t\t\t\t<\/div>\n\t\t\t\t\t<\/div>\n\t\t<\/div>\n\t\t\t\t\t<\/div>\n\t\t<\/section>\n\t\t\t\t<\/div>\n\t\t","protected":false},"excerpt":{"rendered":"<p>Crucero anterior: Desire West Indies 2026 15 &#8211; 22 de febrero de 2026 BRIDGETOWN | KINGSTON | FORT-DE-FRANCE | PHILIPSBURG| [&hellip;]<\/p>\n","protected":false},"author":3,"featured_media":0,"parent":0,"menu_order":0,"comment_status":"closed","ping_status":"closed","template":"","meta":{"site-sidebar-layout":"no-sidebar","site-content-layout":"","ast-site-content-layout":"full-width-container","site-content-style":"default","site-sidebar-style":"default","ast-global-header-display":"","ast-banner-title-visibility":"","ast-main-header-display":"","ast-hfb-above-header-display":"","ast-hfb-below-header-display":"","ast-hfb-mobile-header-display":"","site-post-title":"disabled","ast-breadcrumbs-content":"","ast-featured-img":"disabled","footer-sml-layout":"","ast-disable-related-posts":"","theme-transparent-header-meta":"","adv-header-id-meta":"","stick-header-meta":"","header-above-stick-meta":"","header-main-stick-meta":"","header-below-stick-meta":"","astra-migrate-meta-layouts":"default","ast-page-background-enabled":"default","ast-page-background-meta":{"desktop":{"background-color":"var(--ast-global-color-4)","background-image":"","background-repeat":"repeat","background-position":"center center","background-size":"auto","background-attachment":"scroll","background-type":"","background-media":"","overlay-type":"","overlay-color":"","overlay-opacity":"","overlay-gradient":""},"tablet":{"background-color":"","background-image":"","background-repeat":"repeat","background-position":"center center","background-size":"auto","background-attachment":"scroll","background-type":"","background-media":"","overlay-type":"","overlay-color":"","overlay-opacity":"","overlay-gradient":""},"mobile":{"background-color":"","background-image":"","background-repeat":"repeat","background-position":"center center","background-size":"auto","background-attachment":"scroll","background-type":"","background-media":"","overlay-type":"","overlay-color":"","overlay-opacity":"","overlay-gradient":""}},"ast-content-background-meta":{"desktop":{"background-color":"var(--ast-global-color-5)","background-image":"","background-repeat":"repeat","background-position":"center center","background-size":"auto","background-attachment":"scroll","background-type":"","background-media":"","overlay-type":"","overlay-color":"","overlay-opacity":"","overlay-gradient":""},"tablet":{"background-color":"var(--ast-global-color-5)","background-image":"","background-repeat":"repeat","background-position":"center center","background-size":"auto","background-attachment":"scroll","background-type":"","background-media":"","overlay-type":"","overlay-color":"","overlay-opacity":"","overlay-gradient":""},"mobile":{"background-color":"var(--ast-global-color-5)","background-image":"","background-repeat":"repeat","background-position":"center center","background-size":"auto","background-attachment":"scroll","background-type":"","background-media":"","overlay-type":"","overlay-color":"","overlay-opacity":"","overlay-gradient":""}},"footnotes":""},"class_list":["post-28847","page","type-page","status-publish","hentry"],"publishpress_future_action":{"enabled":false,"date":"2026-05-05 15:08:00","action":"change-status","newStatus":"draft","terms":[],"taxonomy":"translation_priority","extraData":[]},"publishpress_future_workflow_manual_trigger":{"enabledWorkflows":[]},"_links":{"self":[{"href":"https:\/\/desire-cruises.com\/es\/wp-json\/wp\/v2\/pages\/28847","targetHints":{"allow":["GET"]}}],"collection":[{"href":"https:\/\/desire-cruises.com\/es\/wp-json\/wp\/v2\/pages"}],"about":[{"href":"https:\/\/desire-cruises.com\/es\/wp-json\/wp\/v2\/types\/page"}],"author":[{"embeddable":true,"href":"https:\/\/desire-cruises.com\/es\/wp-json\/wp\/v2\/users\/3"}],"replies":[{"embeddable":true,"href":"https:\/\/desire-cruises.com\/es\/wp-json\/wp\/v2\/comments?post=28847"}],"version-history":[{"count":1,"href":"https:\/\/desire-cruises.com\/es\/wp-json\/wp\/v2\/pages\/28847\/revisions"}],"predecessor-version":[{"id":28848,"href":"https:\/\/desire-cruises.com\/es\/wp-json\/wp\/v2\/pages\/28847\/revisions\/28848"}],"wp:attachment":[{"href":"https:\/\/desire-cruises.com\/es\/wp-json\/wp\/v2\/media?parent=28847"}],"curies":[{"name":"wp","href":"https:\/\/api.w.org\/{rel}","templated":true}]}}